{"id":2452,"date":"2019-09-29T22:19:45","date_gmt":"2019-09-29T19:19:45","guid":{"rendered":"http:\/\/birboy.com.tr\/?page_id=2452"},"modified":"2019-09-29T22:19:45","modified_gmt":"2019-09-29T19:19:45","slug":"404-page-error","status":"publish","type":"page","link":"https:\/\/birboy.com.tr\/en\/404-page-error\/","title":{"rendered":"404 Page Error!"},"content":{"rendered":"<p><img loading=\"lazy\" decoding=\"async\" class=\" wp-image-2445 aligncenter\" style=\"text-align: center;\" src=\"http:\/\/birboy.com.tr\/wp-content\/uploads\/2019\/09\/404.jpg\" alt=\"\" width=\"333\" height=\"283\" srcset=\"https:\/\/birboy.com.tr\/wp-content\/uploads\/2019\/09\/404.jpg 600w, https:\/\/birboy.com.tr\/wp-content\/uploads\/2019\/09\/404-300x255.jpg 300w\" sizes=\"auto, (max-width: 333px) 100vw, 333px\" \/><\/p>\n<h1 style=\"text-align: center;\">Ooops, 404 Page Error!<\/h1>\n<p style=\"text-align: center;\">The page you are trying to reach does not exist.<br \/>Please, check the Url you entered or use the menu.<\/p>\n","protected":false},"excerpt":{"rendered":"<p>Ooops, 404 Page Error! The page you are trying to reach does not exist.Please, check the Url you entered or<\/p>\n","protected":false},"author":4,"featured_media":0,"parent":0,"menu_order":0,"comment_status":"closed","ping_status":"closed","template":"","meta":{"footnotes":""},"class_list":["post-2452","page","type-page","status-publish","hentry"],"yoast_head":"<!-- This site is optimized with the Yoast SEO plugin v26.3 - https:\/\/yoast.com\/wordpress\/plugins\/seo\/ -->\n<title>404 Page Error! - Birboy Okul K\u0131yafetleri<\/title>\n<meta name=\"robots\" content=\"index, follow, max-snippet:-1, max-image-preview:large, max-video-preview:-1\" \/>\n<link rel=\"canonical\" href=\"https:\/\/birboy.com.tr\/uzgunuz-404-hatasi\/\" \/>\n<meta property=\"og:locale\" content=\"en_US\" \/>\n<meta property=\"og:type\" content=\"article\" \/>\n<meta property=\"og:title\" content=\"404 Page Error! - Birboy Okul K\u0131yafetleri\" \/>\n<meta property=\"og:description\" content=\"Ooops, 404 Page Error! The page you are trying to reach does not exist.Please, check the Url you entered or\" \/>\n<meta property=\"og:url\" content=\"https:\/\/birboy.com.tr\/uzgunuz-404-hatasi\/\" \/>\n<meta property=\"og:site_name\" content=\"Birboy Okul K\u0131yafetleri\" \/>\n<meta property=\"og:image\" content=\"https:\/\/birboy.com.tr\/wp-content\/uploads\/2019\/09\/404.jpg\" \/>\n\t<meta property=\"og:image:width\" content=\"600\" \/>\n\t<meta property=\"og:image:height\" content=\"510\" \/>\n\t<meta property=\"og:image:type\" content=\"image\/jpeg\" \/>\n<meta name=\"twitter:card\" content=\"summary_large_image\" \/>\n<script type=\"application\/ld+json\" class=\"yoast-schema-graph\">{\"@context\":\"https:\/\/schema.org\",\"@graph\":[{\"@type\":\"WebPage\",\"@id\":\"https:\/\/birboy.com.tr\/uzgunuz-404-hatasi\/\",\"url\":\"https:\/\/birboy.com.tr\/uzgunuz-404-hatasi\/\",\"name\":\"404 Page Error! - Birboy Okul K\u0131yafetleri\",\"isPartOf\":{\"@id\":\"https:\/\/birboy.com.tr\/#website\"},\"primaryImageOfPage\":{\"@id\":\"https:\/\/birboy.com.tr\/uzgunuz-404-hatasi\/#primaryimage\"},\"image\":{\"@id\":\"https:\/\/birboy.com.tr\/uzgunuz-404-hatasi\/#primaryimage\"},\"thumbnailUrl\":\"http:\/\/birboy.com.tr\/wp-content\/uploads\/2019\/09\/404.jpg\",\"datePublished\":\"2019-09-29T19:19:45+00:00\",\"breadcrumb\":{\"@id\":\"https:\/\/birboy.com.tr\/uzgunuz-404-hatasi\/#breadcrumb\"},\"inLanguage\":\"en-US\",\"potentialAction\":[{\"@type\":\"ReadAction\",\"target\":[\"https:\/\/birboy.com.tr\/uzgunuz-404-hatasi\/\"]}]},{\"@type\":\"ImageObject\",\"inLanguage\":\"en-US\",\"@id\":\"https:\/\/birboy.com.tr\/uzgunuz-404-hatasi\/#primaryimage\",\"url\":\"http:\/\/birboy.com.tr\/wp-content\/uploads\/2019\/09\/404.jpg\",\"contentUrl\":\"http:\/\/birboy.com.tr\/wp-content\/uploads\/2019\/09\/404.jpg\"},{\"@type\":\"BreadcrumbList\",\"@id\":\"https:\/\/birboy.com.tr\/uzgunuz-404-hatasi\/#breadcrumb\",\"itemListElement\":[{\"@type\":\"ListItem\",\"position\":1,\"name\":\"Ana sayfa\",\"item\":\"https:\/\/birboy.com.tr\/en\/\"},{\"@type\":\"ListItem\",\"position\":2,\"name\":\"404 Page Error!\"}]},{\"@type\":\"WebSite\",\"@id\":\"https:\/\/birboy.com.tr\/#website\",\"url\":\"https:\/\/birboy.com.tr\/\",\"name\":\"Birboy Okul K\u0131yafetleri\",\"description\":\"T\u00fcrkiye&#039;nin Gelece\u011fini Giydiriyoruz...\",\"potentialAction\":[{\"@type\":\"SearchAction\",\"target\":{\"@type\":\"EntryPoint\",\"urlTemplate\":\"https:\/\/birboy.com.tr\/?s={search_term_string}\"},\"query-input\":{\"@type\":\"PropertyValueSpecification\",\"valueRequired\":true,\"valueName\":\"search_term_string\"}}],\"inLanguage\":\"en-US\"}]}<\/script>\n<!-- \/ Yoast SEO plugin. -->","yoast_head_json":{"title":"404 Page Error! - Birboy Okul K\u0131yafetleri","robots":{"index":"index","follow":"follow","max-snippet":"max-snippet:-1","max-image-preview":"max-image-preview:large","max-video-preview":"max-video-preview:-1"},"canonical":"https:\/\/birboy.com.tr\/uzgunuz-404-hatasi\/","og_locale":"en_US","og_type":"article","og_title":"404 Page Error! - Birboy Okul K\u0131yafetleri","og_description":"Ooops, 404 Page Error! The page you are trying to reach does not exist.Please, check the Url you entered or","og_url":"https:\/\/birboy.com.tr\/uzgunuz-404-hatasi\/","og_site_name":"Birboy Okul K\u0131yafetleri","og_image":[{"width":600,"height":510,"url":"https:\/\/birboy.com.tr\/wp-content\/uploads\/2019\/09\/404.jpg","type":"image\/jpeg"}],"twitter_card":"summary_large_image","schema":{"@context":"https:\/\/schema.org","@graph":[{"@type":"WebPage","@id":"https:\/\/birboy.com.tr\/uzgunuz-404-hatasi\/","url":"https:\/\/birboy.com.tr\/uzgunuz-404-hatasi\/","name":"404 Page Error! - Birboy Okul K\u0131yafetleri","isPartOf":{"@id":"https:\/\/birboy.com.tr\/#website"},"primaryImageOfPage":{"@id":"https:\/\/birboy.com.tr\/uzgunuz-404-hatasi\/#primaryimage"},"image":{"@id":"https:\/\/birboy.com.tr\/uzgunuz-404-hatasi\/#primaryimage"},"thumbnailUrl":"http:\/\/birboy.com.tr\/wp-content\/uploads\/2019\/09\/404.jpg","datePublished":"2019-09-29T19:19:45+00:00","breadcrumb":{"@id":"https:\/\/birboy.com.tr\/uzgunuz-404-hatasi\/#breadcrumb"},"inLanguage":"en-US","potentialAction":[{"@type":"ReadAction","target":["https:\/\/birboy.com.tr\/uzgunuz-404-hatasi\/"]}]},{"@type":"ImageObject","inLanguage":"en-US","@id":"https:\/\/birboy.com.tr\/uzgunuz-404-hatasi\/#primaryimage","url":"http:\/\/birboy.com.tr\/wp-content\/uploads\/2019\/09\/404.jpg","contentUrl":"http:\/\/birboy.com.tr\/wp-content\/uploads\/2019\/09\/404.jpg"},{"@type":"BreadcrumbList","@id":"https:\/\/birboy.com.tr\/uzgunuz-404-hatasi\/#breadcrumb","itemListElement":[{"@type":"ListItem","position":1,"name":"Ana sayfa","item":"https:\/\/birboy.com.tr\/en\/"},{"@type":"ListItem","position":2,"name":"404 Page Error!"}]},{"@type":"WebSite","@id":"https:\/\/birboy.com.tr\/#website","url":"https:\/\/birboy.com.tr\/","name":"Birboy Okul K\u0131yafetleri","description":"T\u00fcrkiye&#039;nin Gelece\u011fini Giydiriyoruz...","potentialAction":[{"@type":"SearchAction","target":{"@type":"EntryPoint","urlTemplate":"https:\/\/birboy.com.tr\/?s={search_term_string}"},"query-input":{"@type":"PropertyValueSpecification","valueRequired":true,"valueName":"search_term_string"}}],"inLanguage":"en-US"}]}},"_links":{"self":[{"href":"https:\/\/birboy.com.tr\/en\/wp-json\/wp\/v2\/pages\/2452","targetHints":{"allow":["GET"]}}],"collection":[{"href":"https:\/\/birboy.com.tr\/en\/wp-json\/wp\/v2\/pages"}],"about":[{"href":"https:\/\/birboy.com.tr\/en\/wp-json\/wp\/v2\/types\/page"}],"author":[{"embeddable":true,"href":"https:\/\/birboy.com.tr\/en\/wp-json\/wp\/v2\/users\/4"}],"replies":[{"embeddable":true,"href":"https:\/\/birboy.com.tr\/en\/wp-json\/wp\/v2\/comments?post=2452"}],"version-history":[{"count":1,"href":"https:\/\/birboy.com.tr\/en\/wp-json\/wp\/v2\/pages\/2452\/revisions"}],"predecessor-version":[{"id":2453,"href":"https:\/\/birboy.com.tr\/en\/wp-json\/wp\/v2\/pages\/2452\/revisions\/2453"}],"wp:attachment":[{"href":"https:\/\/birboy.com.tr\/en\/wp-json\/wp\/v2\/media?parent=2452"}],"curies":[{"name":"wp","href":"https:\/\/api.w.org\/{rel}","templated":true}]}}